{"id":860,"date":"2020-10-02T06:39:27","date_gmt":"2020-10-02T04:39:27","guid":{"rendered":"https:\/\/www.arf-formation.fr\/arf2\/?page_id=192"},"modified":"2024-01-22T15:36:40","modified_gmt":"2024-01-22T14:36:40","slug":"actualite","status":"publish","type":"page","link":"https:\/\/www.ajf-formation.fr\/ajf2\/actualite\/","title":{"rendered":"Actualit\u00e9s"},"content":{"rendered":"\n<style type=\"text\/css\" data-created_by=\"avia_inline_auto\" id=\"style-css-av-lc50wpmh-32c4b1591a34dc5f096783869428cfc4\">\n.avia-section.av-lc50wpmh-32c4b1591a34dc5f096783869428cfc4{\nmargin-top:0px;\nmargin-bottom:0px;\n}\n<\/style>\n<div id='av_section_1'  class='avia-section av-lc50wpmh-32c4b1591a34dc5f096783869428cfc4 alternate_color avia-section-no-padding avia-no-border-styling  avia-builder-el-0  el_before_av_one_fifth  avia-builder-el-first  avia-bg-style-scroll av-minimum-height av-minimum-height-30 av-height-percent  container_wrap sidebar_right'   data-av_minimum_height_pc='30' data-av_min_height_opt='percent'><div class='container av-section-cont-open' ><main  role=\"main\" itemprop=\"mainContentOfPage\"  class='template-page content  av-content-small alpha units'><div class='post-entry post-entry-type-page post-entry-860'><div class='entry-content-wrapper clearfix'>\n<div class='flex_column_table av-lnmgqw5r-76634c0d6d376730d9c7572a40eaa13d sc-av_one_fifth av-equal-height-column-flextable'>\n<style type=\"text\/css\" data-created_by=\"avia_inline_auto\" id=\"style-css-av-lnmgqw5r-76634c0d6d376730d9c7572a40eaa13d\">\n#top .flex_column_table.av-equal-height-column-flextable.av-lnmgqw5r-76634c0d6d376730d9c7572a40eaa13d{\nmargin-top:0px;\nmargin-bottom:0px;\n}\n.flex_column.av-lnmgqw5r-76634c0d6d376730d9c7572a40eaa13d{\nwidth:18.4%;\nmargin-left:0;\npadding:0 0 0 0;\n}\n#top .flex_column_table.av-equal-height-column-flextable.av-lnmgqw5r-76634c0d6d376730d9c7572a40eaa13d .av-flex-placeholder{\nwidth:2%;\n}\n<\/style>\n<div  class='flex_column av-lnmgqw5r-76634c0d6d376730d9c7572a40eaa13d av_one_fifth  avia-builder-el-1  el_before_av_one_third  avia-builder-el-first  first flex_column_table_cell av-equal-height-column av-align-top av-zero-column-padding  '     ><\/div><div class='av-flex-placeholder'><\/div>\n<style type=\"text\/css\" data-created_by=\"avia_inline_auto\" id=\"style-css-av-rg0tk-41fea3ede1439e79035e35ac0b90376e\">\n#top .flex_column_table.av-equal-height-column-flextable.av-rg0tk-41fea3ede1439e79035e35ac0b90376e{\nmargin-top:0px;\nmargin-bottom:0px;\n}\n.flex_column.av-rg0tk-41fea3ede1439e79035e35ac0b90376e{\nwidth:32%;\nmargin-left:0;\n}\n#top .flex_column_table.av-equal-height-column-flextable.av-rg0tk-41fea3ede1439e79035e35ac0b90376e .av-flex-placeholder{\nwidth:2%;\n}\n<\/style>\n<div  class='flex_column av-rg0tk-41fea3ede1439e79035e35ac0b90376e av_one_third  avia-builder-el-2  el_after_av_one_fifth  el_before_av_one_fourth  flex_column_table_cell av-equal-height-column av-align-top  '     ><div  data-slideshow-options=\"{&quot;animation&quot;:&quot;fade&quot;,&quot;autoplay&quot;:false,&quot;loop_autoplay&quot;:&quot;once&quot;,&quot;interval&quot;:5,&quot;loop_manual&quot;:&quot;manual-endless&quot;,&quot;autoplay_stopper&quot;:false,&quot;noNavigation&quot;:false,&quot;show_slide_delay&quot;:90}\" class='avia-content-slider avia-content-grid-active avia-content-slider1 avia-content-slider-odd  avia-builder-el-3  avia-builder-el-no-sibling  av-slideshow-ui av-control-default   av-no-slider-navigation av-slideshow-manual av-loop-once av-loop-manual-endless '  itemscope=\"itemscope\" itemtype=\"https:\/\/schema.org\/Blog\" ><div class=\"avia-content-slider-inner\"><div class=\"slide-entry-wrap\"><article class='slide-entry flex_column  post-entry post-entry-1804 slide-entry-overview slide-loop-1 slide-parity-odd  post-entry-last  av_fullwidth first real-thumbnail posttype-post post-format-standard'  itemscope=\"itemscope\" itemtype=\"https:\/\/schema.org\/CreativeWork\" ><a href='https:\/\/www.ajf-formation.fr\/ajf2\/taux-de-reussite-aux-formations-certificatives\/' data-rel='slide-1' class='slide-image' title='Formations certificatives &#8211; Taux de r\u00e9ussite 2024'><img loading=\"lazy\" decoding=\"async\" width=\"710\" height=\"375\" src=\"https:\/\/www.ajf-formation.fr\/ajf2\/wp-content\/uploads\/taux-de-reussite-certification-2-710x375.jpg\" class=\"wp-image-1861 avia-img-lazy-loading-1861 attachment-magazine size-magazine wp-post-image\" alt=\"graphique de r\u00e9ussite de certification\" \/><\/a><div class=\"slide-content\"><header class=\"entry-content-header\"><h3 class='slide-entry-title entry-title '  itemprop=\"headline\" ><a href='https:\/\/www.ajf-formation.fr\/ajf2\/taux-de-reussite-aux-formations-certificatives\/' title='Formations certificatives &#8211; Taux de r\u00e9ussite 2024'>Formations certificatives &#8211; Taux de r\u00e9ussite 2024<\/a><\/h3><span class=\"av-vertical-delimiter\"><\/span><\/header><div class=\"slide-meta\"><time class='slide-meta-time updated'  itemprop=\"datePublished\" datetime=\"2025-01-10T11:50:49+01:00\" >10.01.2025<\/time><\/div><div class='slide-entry-excerpt entry-content'  itemprop=\"text\" >\r\n\u00a0\r\n\r\n\r\n\r\n\r\n\r\nFormation AIPR\r\n\r\n\r\n\r\n\r\n\r\nFormation MAC SST\r\n\r\n\r\n\r\n\r\n\r\nFormation\u2026<div class=\"read-more-link\"><a href=\"https:\/\/www.ajf-formation.fr\/ajf2\/taux-de-reussite-aux-formations-certificatives\/\" class=\"more-link\">Lire la suite<span class=\"more-link-arrow\"><\/span><\/a><\/div><\/div><\/div><footer class=\"entry-footer\"><\/footer><span class='hidden'>\n\t\t\t\t<span class='av-structured-data'  itemprop=\"image\" itemscope=\"itemscope\" itemtype=\"https:\/\/schema.org\/ImageObject\" >\n\t\t\t\t\t\t<span itemprop='url'>https:\/\/www.ajf-formation.fr\/ajf2\/wp-content\/uploads\/taux-de-reussite-certification-2.jpg<\/span>\n\t\t\t\t\t\t<span itemprop='height'>705<\/span>\n\t\t\t\t\t\t<span itemprop='width'>1400<\/span>\n\t\t\t\t<\/span>\n\t\t\t\t<span class='av-structured-data'  itemprop=\"publisher\" itemtype=\"https:\/\/schema.org\/Organization\" itemscope=\"itemscope\" >\n\t\t\t\t\t\t<span itemprop='name'>AJF Formation<\/span>\n\t\t\t\t\t\t<span itemprop='logo' itemscope itemtype='https:\/\/schema.org\/ImageObject'>\n\t\t\t\t\t\t\t<span itemprop='url'>https:\/\/www.ajf-formation.fr\/ajf2\/wp-content\/uploads\/ajf-logo-2022-K.png<\/span>\n\t\t\t\t\t\t<\/span>\n\t\t\t\t<\/span><span class='av-structured-data'  itemprop=\"author\" itemscope=\"itemscope\" itemtype=\"https:\/\/schema.org\/Person\" ><span itemprop='name'>AJF Formation<\/span><\/span><span class='av-structured-data'  itemprop=\"datePublished\" datetime=\"2020-10-02T06:39:27+02:00\" >2025-01-10 11:50:49<\/span><span class='av-structured-data'  itemprop=\"dateModified\" itemtype=\"https:\/\/schema.org\/dateModified\" >2025-10-08 09:39:33<\/span><span class='av-structured-data'  itemprop=\"mainEntityOfPage\" itemtype=\"https:\/\/schema.org\/mainEntityOfPage\" ><span itemprop='name'>Formations certificatives &#8211; Taux de r\u00e9ussite 2024<\/span><\/span><\/span><\/article><\/div><\/div><\/div><\/div><div class='av-flex-placeholder'><\/div>\n<style type=\"text\/css\" data-created_by=\"avia_inline_auto\" id=\"style-css-av-a7r38-e912b4c3d86405ebd8adac1786f1d95a\">\n#top .flex_column_table.av-equal-height-column-flextable.av-a7r38-e912b4c3d86405ebd8adac1786f1d95a{\nmargin-top:0px;\nmargin-bottom:0px;\n}\n.flex_column.av-a7r38-e912b4c3d86405ebd8adac1786f1d95a{\nwidth:23.5%;\nmargin-left:0;\n}\n#top .flex_column_table.av-equal-height-column-flextable.av-a7r38-e912b4c3d86405ebd8adac1786f1d95a .av-flex-placeholder{\nwidth:2%;\n}\n<\/style>\n<div  class='flex_column av-a7r38-e912b4c3d86405ebd8adac1786f1d95a av_one_fourth  avia-builder-el-4  el_after_av_one_third  el_before_av_one_fifth  flex_column_table_cell av-equal-height-column av-align-top  '     ><div  data-slideshow-options=\"{&quot;animation&quot;:&quot;fade&quot;,&quot;autoplay&quot;:false,&quot;loop_autoplay&quot;:&quot;once&quot;,&quot;interval&quot;:5,&quot;loop_manual&quot;:&quot;manual-endless&quot;,&quot;autoplay_stopper&quot;:false,&quot;noNavigation&quot;:false,&quot;show_slide_delay&quot;:90}\" class='avia-content-slider avia-content-grid-active avia-content-slider2 avia-content-slider-odd  avia-builder-el-5  avia-builder-el-no-sibling  av-slideshow-ui av-control-default   av-no-slider-navigation av-slideshow-manual av-loop-once av-loop-manual-endless '  itemscope=\"itemscope\" itemtype=\"https:\/\/schema.org\/Blog\" ><div class=\"avia-content-slider-inner\"><div class=\"slide-entry-wrap\"><article class='slide-entry flex_column  post-entry post-entry-500 slide-entry-overview slide-loop-1 slide-parity-odd  post-entry-last  av_fullwidth first real-thumbnail posttype-post post-format-standard'  itemscope=\"itemscope\" itemtype=\"https:\/\/schema.org\/CreativeWork\" ><a href='https:\/\/www.ajf-formation.fr\/ajf2\/accessibilite-aux-travailleurs-handicapes\/' data-rel='slide-2' class='slide-image' title='Accessibilit\u00e9 aux travailleurs handicap\u00e9s'><img loading=\"lazy\" decoding=\"async\" width=\"180\" height=\"180\" src=\"https:\/\/www.ajf-formation.fr\/ajf2\/wp-content\/uploads\/post-featured-180x180.jpg\" class=\"wp-image-1824 avia-img-lazy-loading-1824 attachment-square size-square wp-post-image\" alt=\"Formations accessibles au public pr\u00e9sentant un handicap.\" srcset=\"https:\/\/www.ajf-formation.fr\/ajf2\/wp-content\/uploads\/post-featured-180x180.jpg 180w, https:\/\/www.ajf-formation.fr\/ajf2\/wp-content\/uploads\/post-featured-80x80.jpg 80w, https:\/\/www.ajf-formation.fr\/ajf2\/wp-content\/uploads\/post-featured-36x36.jpg 36w\" sizes=\"auto, (max-width: 180px) 100vw, 180px\" \/><\/a><div class=\"slide-content\"><header class=\"entry-content-header\"><h3 class='slide-entry-title entry-title '  itemprop=\"headline\" ><a href='https:\/\/www.ajf-formation.fr\/ajf2\/accessibilite-aux-travailleurs-handicapes\/' title='Accessibilit\u00e9 aux travailleurs handicap\u00e9s'>Accessibilit\u00e9 aux travailleurs handicap\u00e9s<\/a><\/h3><span class=\"av-vertical-delimiter\"><\/span><\/header><div class=\"slide-meta\"><time class='slide-meta-time updated'  itemprop=\"datePublished\" datetime=\"2022-11-22T16:58:31+01:00\" >22.11.2022<\/time><\/div><div class='slide-entry-excerpt entry-content'  itemprop=\"text\" >Nos formations sont accessibles aux personnes en situation de\u2026<div class=\"read-more-link\"><a href=\"https:\/\/www.ajf-formation.fr\/ajf2\/accessibilite-aux-travailleurs-handicapes\/\" class=\"more-link\">Lire la suite<span class=\"more-link-arrow\"><\/span><\/a><\/div><\/div><\/div><footer class=\"entry-footer\"><\/footer><span class='hidden'>\n\t\t\t\t<span class='av-structured-data'  itemprop=\"image\" itemscope=\"itemscope\" itemtype=\"https:\/\/schema.org\/ImageObject\" >\n\t\t\t\t\t\t<span itemprop='url'>https:\/\/www.ajf-formation.fr\/ajf2\/wp-content\/uploads\/post-featured.jpg<\/span>\n\t\t\t\t\t\t<span itemprop='height'>705<\/span>\n\t\t\t\t\t\t<span itemprop='width'>1400<\/span>\n\t\t\t\t<\/span>\n\t\t\t\t<span class='av-structured-data'  itemprop=\"publisher\" itemtype=\"https:\/\/schema.org\/Organization\" itemscope=\"itemscope\" >\n\t\t\t\t\t\t<span itemprop='name'>AJF Formation<\/span>\n\t\t\t\t\t\t<span itemprop='logo' itemscope itemtype='https:\/\/schema.org\/ImageObject'>\n\t\t\t\t\t\t\t<span itemprop='url'>https:\/\/www.ajf-formation.fr\/ajf2\/wp-content\/uploads\/ajf-logo-2022-K.png<\/span>\n\t\t\t\t\t\t<\/span>\n\t\t\t\t<\/span><span class='av-structured-data'  itemprop=\"author\" itemscope=\"itemscope\" itemtype=\"https:\/\/schema.org\/Person\" ><span itemprop='name'>AJF Formation<\/span><\/span><span class='av-structured-data'  itemprop=\"datePublished\" datetime=\"2020-10-02T06:39:27+02:00\" >2022-11-22 16:58:31<\/span><span class='av-structured-data'  itemprop=\"dateModified\" itemtype=\"https:\/\/schema.org\/dateModified\" >2022-11-22 16:58:31<\/span><span class='av-structured-data'  itemprop=\"mainEntityOfPage\" itemtype=\"https:\/\/schema.org\/mainEntityOfPage\" ><span itemprop='name'>Accessibilit\u00e9 aux travailleurs handicap\u00e9s<\/span><\/span><\/span><\/article><\/div><\/div><\/div><\/div><div class='av-flex-placeholder'><\/div>\n<style type=\"text\/css\" data-created_by=\"avia_inline_auto\" id=\"style-css-av-mc580-d9f6bc5ac8b5cf22bf174a44745df1fd\">\n#top .flex_column_table.av-equal-height-column-flextable.av-mc580-d9f6bc5ac8b5cf22bf174a44745df1fd{\nmargin-top:0px;\nmargin-bottom:0px;\n}\n.flex_column.av-mc580-d9f6bc5ac8b5cf22bf174a44745df1fd{\nwidth:18.4%;\nmargin-left:0;\n}\n#top .flex_column_table.av-equal-height-column-flextable.av-mc580-d9f6bc5ac8b5cf22bf174a44745df1fd .av-flex-placeholder{\nwidth:2%;\n}\n<\/style>\n<div  class='flex_column av-mc580-d9f6bc5ac8b5cf22bf174a44745df1fd av_one_fifth  avia-builder-el-6  el_after_av_one_fourth  avia-builder-el-last  flex_column_table_cell av-equal-height-column av-align-top  '     ><\/div><\/div><!--close column table wrapper. Autoclose: 1 -->\n<\/div><\/div><\/main><!-- close content main element --><\/div><\/div><div id='after_section_1'  class='main_color av_default_container_wrap container_wrap sidebar_right'  ><div class='container av-section-cont-open' ><div class='template-page content  av-content-small alpha units'><div class='post-entry post-entry-type-page post-entry-860'><div class='entry-content-wrapper clearfix'>\n<div class='flex_column_table av-lnmgro2b-7084383c2fae6ec2d8392f7a979aa004 sc-av_one_fifth av-equal-height-column-flextable'>\n<style type=\"text\/css\" data-created_by=\"avia_inline_auto\" id=\"style-css-av-lnmgro2b-7084383c2fae6ec2d8392f7a979aa004\">\n.flex_column.av-lnmgro2b-7084383c2fae6ec2d8392f7a979aa004{\npadding:25px 0 0 0;\n}\n<\/style>\n<div  class='flex_column av-lnmgro2b-7084383c2fae6ec2d8392f7a979aa004 av_one_fifth  avia-builder-el-7  el_after_av_section  el_before_av_three_fifth  avia-builder-el-first  first no_margin flex_column_table_cell av-equal-height-column av-align-top  '     ><\/div>\n\n<style type=\"text\/css\" data-created_by=\"avia_inline_auto\" id=\"style-css-av-ez9q8-da724aedda14c0ef8844d7e5e68817fa\">\n.flex_column.av-ez9q8-da724aedda14c0ef8844d7e5e68817fa{\npadding:0 25px 0 0;\n}\n<\/style>\n<div  class='flex_column av-ez9q8-da724aedda14c0ef8844d7e5e68817fa av_three_fifth  avia-builder-el-8  el_after_av_one_fifth  avia-builder-el-last  no_margin flex_column_table_cell av-equal-height-column av-align-top  '     ><div  data-slideshow-options=\"{&quot;animation&quot;:&quot;fade&quot;,&quot;autoplay&quot;:false,&quot;loop_autoplay&quot;:&quot;once&quot;,&quot;interval&quot;:5,&quot;loop_manual&quot;:&quot;manual-endless&quot;,&quot;autoplay_stopper&quot;:false,&quot;noNavigation&quot;:false,&quot;show_slide_delay&quot;:90}\" class='avia-content-slider avia-content-grid-active avia-content-slider3 avia-content-slider-even  avia-builder-el-9  avia-builder-el-no-sibling  av-slideshow-ui av-control-default   av-no-slider-navigation av-slideshow-manual av-loop-once av-loop-manual-endless '  itemscope=\"itemscope\" itemtype=\"https:\/\/schema.org\/Blog\" ><div class=\"avia-content-slider-inner\"><div class=\"slide-entry-wrap\"><article class='slide-entry flex_column  post-entry post-entry-2095 slide-entry-overview slide-loop-1 slide-parity-odd  post-entry-last  av_one_half first real-thumbnail posttype-post post-format-standard'  itemscope=\"itemscope\" itemtype=\"https:\/\/schema.org\/CreativeWork\" ><a href='https:\/\/www.ajf-formation.fr\/ajf2\/satisfaction-2023\/' data-rel='slide-3' class='slide-image' title='Satisfaction &#8211; Chiffres 2024'><img loading=\"lazy\" decoding=\"async\" width=\"495\" height=\"400\" src=\"https:\/\/www.ajf-formation.fr\/ajf2\/wp-content\/uploads\/Satisfaction-du-public-forme-495x400.jpg\" class=\"wp-image-1825 avia-img-lazy-loading-1825 attachment-portfolio size-portfolio wp-post-image\" alt=\"Satisfaction du public form\u00e9\" srcset=\"https:\/\/www.ajf-formation.fr\/ajf2\/wp-content\/uploads\/Satisfaction-du-public-forme-495x400.jpg 495w, https:\/\/www.ajf-formation.fr\/ajf2\/wp-content\/uploads\/Satisfaction-du-public-forme-845x684.jpg 845w\" sizes=\"auto, (max-width: 495px) 100vw, 495px\" \/><\/a><div class=\"slide-content\"><header class=\"entry-content-header\"><h3 class='slide-entry-title entry-title '  itemprop=\"headline\" ><a href='https:\/\/www.ajf-formation.fr\/ajf2\/satisfaction-2023\/' title='Satisfaction &#8211; Chiffres 2024'>Satisfaction &#8211; Chiffres 2024<\/a><\/h3><span class=\"av-vertical-delimiter\"><\/span><\/header><div class=\"slide-meta\"><time class='slide-meta-time updated'  itemprop=\"datePublished\" datetime=\"2025-01-09T09:23:00+01:00\" >09.01.2025<\/time><\/div><div class='slide-entry-excerpt entry-content'  itemprop=\"text\" >\r\n\u00a0\r\n\r\n\r\n\r\n\r\nSatisfaction globale sur les formations dispens\u00e9es\u2026<div class=\"read-more-link\"><a href=\"https:\/\/www.ajf-formation.fr\/ajf2\/satisfaction-2023\/\" class=\"more-link\">Lire la suite<span class=\"more-link-arrow\"><\/span><\/a><\/div><\/div><\/div><footer class=\"entry-footer\"><\/footer><span class='hidden'>\n\t\t\t\t<span class='av-structured-data'  itemprop=\"image\" itemscope=\"itemscope\" itemtype=\"https:\/\/schema.org\/ImageObject\" >\n\t\t\t\t\t\t<span itemprop='url'>https:\/\/www.ajf-formation.fr\/ajf2\/wp-content\/uploads\/Satisfaction-du-public-forme.jpg<\/span>\n\t\t\t\t\t\t<span itemprop='height'>705<\/span>\n\t\t\t\t\t\t<span itemprop='width'>1400<\/span>\n\t\t\t\t<\/span>\n\t\t\t\t<span class='av-structured-data'  itemprop=\"publisher\" itemtype=\"https:\/\/schema.org\/Organization\" itemscope=\"itemscope\" >\n\t\t\t\t\t\t<span itemprop='name'>AJF Formation<\/span>\n\t\t\t\t\t\t<span itemprop='logo' itemscope itemtype='https:\/\/schema.org\/ImageObject'>\n\t\t\t\t\t\t\t<span itemprop='url'>https:\/\/www.ajf-formation.fr\/ajf2\/wp-content\/uploads\/ajf-logo-2022-K.png<\/span>\n\t\t\t\t\t\t<\/span>\n\t\t\t\t<\/span><span class='av-structured-data'  itemprop=\"author\" itemscope=\"itemscope\" itemtype=\"https:\/\/schema.org\/Person\" ><span itemprop='name'>AJF Formation<\/span><\/span><span class='av-structured-data'  itemprop=\"datePublished\" datetime=\"2020-10-02T06:39:27+02:00\" >2025-01-09 09:23:00<\/span><span class='av-structured-data'  itemprop=\"dateModified\" itemtype=\"https:\/\/schema.org\/dateModified\" >2025-10-30 11:46:00<\/span><span class='av-structured-data'  itemprop=\"mainEntityOfPage\" itemtype=\"https:\/\/schema.org\/mainEntityOfPage\" ><span itemprop='name'>Satisfaction &#8211; Chiffres 2024<\/span><\/span><\/span><\/article><\/div><\/div><\/div><\/div><\/div><!--close column table wrapper. Autoclose: 1 -->\n","protected":false},"excerpt":{"rendered":"","protected":false},"author":1,"featured_media":0,"parent":0,"menu_order":1,"comment_status":"closed","ping_status":"closed","template":"","meta":{"footnotes":""},"class_list":["post-860","page","type-page","status-publish","hentry"],"_links":{"self":[{"href":"https:\/\/www.ajf-formation.fr\/ajf2\/wp-json\/wp\/v2\/pages\/860","targetHints":{"allow":["GET"]}}],"collection":[{"href":"https:\/\/www.ajf-formation.fr\/ajf2\/wp-json\/wp\/v2\/pages"}],"about":[{"href":"https:\/\/www.ajf-formation.fr\/ajf2\/wp-json\/wp\/v2\/types\/page"}],"author":[{"embeddable":true,"href":"https:\/\/www.ajf-formation.fr\/ajf2\/wp-json\/wp\/v2\/users\/1"}],"replies":[{"embeddable":true,"href":"https:\/\/www.ajf-formation.fr\/ajf2\/wp-json\/wp\/v2\/comments?post=860"}],"version-history":[{"count":0,"href":"https:\/\/www.ajf-formation.fr\/ajf2\/wp-json\/wp\/v2\/pages\/860\/revisions"}],"wp:attachment":[{"href":"https:\/\/www.ajf-formation.fr\/ajf2\/wp-json\/wp\/v2\/media?parent=860"}],"curies":[{"name":"wp","href":"https:\/\/api.w.org\/{rel}","templated":true}]}}