{"id":2545,"date":"2026-03-12T20:53:20","date_gmt":"2026-03-12T19:53:20","guid":{"rendered":"https:\/\/www.ajf-formation.fr\/ajf2\/?page_id=2545"},"modified":"2026-03-20T15:58:31","modified_gmt":"2026-03-20T14:58:31","slug":"planning","status":"publish","type":"page","link":"https:\/\/www.ajf-formation.fr\/ajf2\/planning\/","title":{"rendered":"Planning"},"content":{"rendered":"\n<style type=\"text\/css\" data-created_by=\"avia_inline_auto\" id=\"style-css-av-mmnyr2r6-4dd27c66506bfa3daf4bb925e2e47168\">\n.avia-section.av-mmnyr2r6-4dd27c66506bfa3daf4bb925e2e47168{\nmargin-top:0px;\nmargin-bottom:0px;\n}\n<\/style>\n<div id='av_section_1'  class='avia-section av-mmnyr2r6-4dd27c66506bfa3daf4bb925e2e47168 main_color avia-section-no-padding avia-no-border-styling  avia-builder-el-0  avia-builder-el-no-sibling  avia-bg-style-scroll container_wrap sidebar_right'  ><div class='container av-section-cont-open' ><main  role=\"main\" itemprop=\"mainContentOfPage\"  class='template-page content  av-content-small alpha units'><div class='post-entry post-entry-type-page post-entry-2545'><div class='entry-content-wrapper clearfix'>\n<section  class='av_textblock_section av-485t1d-09e18cbb3b30345c76e875e97f3809b5 '   itemscope=\"itemscope\" itemtype=\"https:\/\/schema.org\/CreativeWork\" ><div class='avia_textblock'  itemprop=\"text\" ><div id=\"clzd-calendar\">\r\n\t<div class=\"clzd-header\">\r\n\t\t\t<button class=\"clzd-backwards\" title=\"Voir les 3 mois pr\u00e9c\u00e9dents\"><img decoding=\"async\" src=\"https:\/\/www.ajf-formation.fr\/ajf2\/wp-content\/plugins\/calendrized\/assets\/img\/clzd-jump-backwards.svg\" width=\"24px\" alt=\"Mois pr\u00e9c\u00e9dents\" \/><\/button>\r\n\r\n\t<button class=\"clzd-prev\"><img decoding=\"async\" src=\"https:\/\/www.ajf-formation.fr\/ajf2\/wp-content\/plugins\/calendrized\/assets\/img\/clzd-to-past.svg\" width=\"16px\" alt=\"Pr\u00e9c\u00e9dent\" \/><\/button>\r\n\r\n\t<div class=\"clzd-filters\">\r\n\t\t<a href=\"#\" class=\"clzd-today clzd-filter-btn\" aria-label=\"Voir aujourd'hui\">\r\n\t\t\t<img decoding=\"async\" src=\"https:\/\/www.ajf-formation.fr\/ajf2\/wp-content\/plugins\/calendrized\/assets\/img\/clzd-calendar-today.svg\" width=\"24px\" alt=\"Aujourd'hui\" \/>\r\n\t\t\t<span class=\"clzd-filter-label\">Aujourd'hui<\/span>\r\n\t\t<\/a>\r\n\r\n\t\t<span class=\"clzd-filter-title\">Filtrer<\/span>\r\n\t\t<a href=\"#\" class=\"clzd-filter-btn clzd-filter-categ\" aria-label=\"Filtrer par cat\u00e9gories\">\r\n\t\t\t<img decoding=\"async\" src=\"https:\/\/www.ajf-formation.fr\/ajf2\/wp-content\/plugins\/calendrized\/assets\/img\/clzd-categ-filter.svg\" width=\"24px\" alt=\"Categories filter\" \/>\r\n\t\t\t<span class=\"clzd-filter-label\">Cat\u00e9gories<\/span>\r\n\t\t<\/a>\r\n\r\n\t\t<div class=\"clzd-results-notice\"><\/div>\r\n\r\n\t<\/div>\r\n\r\n\t<button class=\"clzd-next\"><img decoding=\"async\" src=\"https:\/\/www.ajf-formation.fr\/ajf2\/wp-content\/plugins\/calendrized\/assets\/img\/clzd-to-next.svg\" width=\"16px\" alt=\"Suivant\" \/><\/button>\r\n\r\n\t<button class=\"clzd-forwards\" title=\"Voir les 3 mois suivants\"><img decoding=\"async\" src=\"https:\/\/www.ajf-formation.fr\/ajf2\/wp-content\/plugins\/calendrized\/assets\/img\/clzd-jump-forwards.svg\" width=\"24px\" alt=\"Mois suivants\" \/><\/button>\r\n\t<\/div>\r\n\t<!-- End .clzd-header -->\r\n\t\r\n\t<div class=\"clzd-grid\"><\/div>\r\n\t\r\n\t<div class=\"clzd-footer\">\r\n\t\t\t<button class=\"clzd-backwards\" title=\"Voir les 3 mois pr\u00e9c\u00e9dents\"><img decoding=\"async\" src=\"https:\/\/www.ajf-formation.fr\/ajf2\/wp-content\/plugins\/calendrized\/assets\/img\/clzd-jump-backwards.svg\" width=\"24px\" alt=\"Mois pr\u00e9c\u00e9dents\" \/><\/button>\r\n\r\n\t<button class=\"clzd-prev\"><img decoding=\"async\" src=\"https:\/\/www.ajf-formation.fr\/ajf2\/wp-content\/plugins\/calendrized\/assets\/img\/clzd-to-past.svg\" width=\"16px\" alt=\"Pr\u00e9c\u00e9dent\" \/><\/button>\r\n\r\n\t<div class=\"clzd-filters\">\r\n\t\t<a href=\"#\" class=\"clzd-today clzd-filter-btn\" aria-label=\"Voir aujourd'hui\">\r\n\t\t\t<img decoding=\"async\" src=\"https:\/\/www.ajf-formation.fr\/ajf2\/wp-content\/plugins\/calendrized\/assets\/img\/clzd-calendar-today.svg\" width=\"24px\" alt=\"Aujourd'hui\" \/>\r\n\t\t\t<span class=\"clzd-filter-label\">Aujourd'hui<\/span>\r\n\t\t<\/a>\r\n\r\n\t\t<span class=\"clzd-filter-title\">Filtrer<\/span>\r\n\t\t<a href=\"#\" class=\"clzd-filter-btn clzd-filter-categ\" aria-label=\"Filtrer par cat\u00e9gories\">\r\n\t\t\t<img decoding=\"async\" src=\"https:\/\/www.ajf-formation.fr\/ajf2\/wp-content\/plugins\/calendrized\/assets\/img\/clzd-categ-filter.svg\" width=\"24px\" alt=\"Categories filter\" \/>\r\n\t\t\t<span class=\"clzd-filter-label\">Cat\u00e9gories<\/span>\r\n\t\t<\/a>\r\n\r\n\t\t<div class=\"clzd-results-notice\"><\/div>\r\n\r\n\t<\/div>\r\n\r\n\t<button class=\"clzd-next\"><img decoding=\"async\" src=\"https:\/\/www.ajf-formation.fr\/ajf2\/wp-content\/plugins\/calendrized\/assets\/img\/clzd-to-next.svg\" width=\"16px\" alt=\"Suivant\" \/><\/button>\r\n\r\n\t<button class=\"clzd-forwards\" title=\"Voir les 3 mois suivants\"><img decoding=\"async\" src=\"https:\/\/www.ajf-formation.fr\/ajf2\/wp-content\/plugins\/calendrized\/assets\/img\/clzd-jump-forwards.svg\" width=\"24px\" alt=\"Mois suivants\" \/><\/button>\r\n\t<\/div>\r\n\t\r\n\t<div class=\"clzd-filterbox\" aria-hidden=\"true\">\r\n\t<div class=\"clzd-filterbox-inner\">\r\n\r\n\t\t<div class=\"clzd-filterbox-header\">\r\n\t\t\t<h3>Filtrer par cat\u00e9gories<\/h3>\r\n\t\t\t<a href=\"#\" class=\"clzd-filterbox-close\" aria-label=\"Fermer\">\u2715<\/a>\r\n\t\t<\/div>\r\n\r\n\t\t<div class=\"clzd-filterbox-content\">\r\n\t\t\t\t\t\t\t\t<label class=\"clzd-filter-item\">\r\n\t\t\t\t\t\t<input type=\"checkbox\" class=\"clzd-filter-categ-checkbox\" value=\"42\">\r\n\t\t\t\t\t\t<span>A.I.P.R<\/span>\r\n\t\t\t\t\t<\/label>\r\n\t\t\t\t\t\t\t\t<label class=\"clzd-filter-item\">\r\n\t\t\t\t\t\t<input type=\"checkbox\" class=\"clzd-filter-categ-checkbox\" value=\"40\">\r\n\t\t\t\t\t\t<span>Amiante<\/span>\r\n\t\t\t\t\t<\/label>\r\n\t\t\t\t\t\t\t\t<label class=\"clzd-filter-item\">\r\n\t\t\t\t\t\t<input type=\"checkbox\" class=\"clzd-filter-categ-checkbox\" value=\"41\">\r\n\t\t\t\t\t\t<span>Habilitation Electrique<\/span>\r\n\t\t\t\t\t<\/label>\r\n\t\t\t\t\t\t\t\t<label class=\"clzd-filter-item\">\r\n\t\t\t\t\t\t<input type=\"checkbox\" class=\"clzd-filter-categ-checkbox\" value=\"50\">\r\n\t\t\t\t\t\t<span>R\u00e9f\u00e9rent Harc\u00e8lement<\/span>\r\n\t\t\t\t\t<\/label>\r\n\t\t\t\t\t\t\t\t<label class=\"clzd-filter-item\">\r\n\t\t\t\t\t\t<input type=\"checkbox\" class=\"clzd-filter-categ-checkbox\" value=\"43\">\r\n\t\t\t\t\t\t<span>Sans cat\u00e9gorie<\/span>\r\n\t\t\t\t\t<\/label>\r\n\t\t\t\t\t\t\t\t<label class=\"clzd-filter-item\">\r\n\t\t\t\t\t\t<input type=\"checkbox\" class=\"clzd-filter-categ-checkbox\" value=\"39\">\r\n\t\t\t\t\t\t<span>SST - MACSST<\/span>\r\n\t\t\t\t\t<\/label>\r\n\t\t\t\t\t\t\t\t<label class=\"clzd-filter-item\">\r\n\t\t\t\t\t\t<input type=\"checkbox\" class=\"clzd-filter-categ-checkbox\" value=\"38\">\r\n\t\t\t\t\t\t<span>Travail en hauteur<\/span>\r\n\t\t\t\t\t<\/label>\r\n\t\t\t\t\t<\/div>\r\n\r\n\t\t<div class=\"clzd-filterbox-footer\">\r\n\t\t\t<a href=\"#\" class=\"clzd-apply-categ-filter\">&#10003; Appliquer<\/a>\r\n\t\t\t<a href=\"#\" class=\"clzd-filter-categ-reset\">&#10226; R\u00e9tablir<\/a>\r\n\t\t<\/div>\r\n\r\n\t<\/div>\r\n<\/div>\r\n\t<!-- Event details modal  -->\r\n\t<div id=\"clzd-modal\" style=\"display:none;\">\r\n\t\t<div class=\"clzd-modal-content\"><\/div>\r\n\t<\/div>\r\n\r\n<\/div>\n<\/div><\/section>\n<\/div><\/div><\/main><!-- close content main element --><\/div><\/div><div id='after_section_1'  class='main_color av_default_container_wrap container_wrap sidebar_right'  ><div class='container av-section-cont-open' ><div class='template-page content  av-content-small alpha units'><div class='post-entry post-entry-type-page post-entry-2545'><div class='entry-content-wrapper clearfix'>\n","protected":false},"excerpt":{"rendered":"","protected":false},"author":1,"featured_media":0,"parent":0,"menu_order":0,"comment_status":"closed","ping_status":"closed","template":"","meta":{"footnotes":""},"class_list":["post-2545","page","type-page","status-publish","hentry"],"_links":{"self":[{"href":"https:\/\/www.ajf-formation.fr\/ajf2\/wp-json\/wp\/v2\/pages\/2545","targetHints":{"allow":["GET"]}}],"collection":[{"href":"https:\/\/www.ajf-formation.fr\/ajf2\/wp-json\/wp\/v2\/pages"}],"about":[{"href":"https:\/\/www.ajf-formation.fr\/ajf2\/wp-json\/wp\/v2\/types\/page"}],"author":[{"embeddable":true,"href":"https:\/\/www.ajf-formation.fr\/ajf2\/wp-json\/wp\/v2\/users\/1"}],"replies":[{"embeddable":true,"href":"https:\/\/www.ajf-formation.fr\/ajf2\/wp-json\/wp\/v2\/comments?post=2545"}],"version-history":[{"count":6,"href":"https:\/\/www.ajf-formation.fr\/ajf2\/wp-json\/wp\/v2\/pages\/2545\/revisions"}],"predecessor-version":[{"id":2699,"href":"https:\/\/www.ajf-formation.fr\/ajf2\/wp-json\/wp\/v2\/pages\/2545\/revisions\/2699"}],"wp:attachment":[{"href":"https:\/\/www.ajf-formation.fr\/ajf2\/wp-json\/wp\/v2\/media?parent=2545"}],"curies":[{"name":"wp","href":"https:\/\/api.w.org\/{rel}","templated":true}]}}