{"id":1209,"date":"2024-02-10T04:55:52","date_gmt":"2024-02-10T03:55:52","guid":{"rendered":"https:\/\/www.ajf-formation.fr\/ajf2\/?page_id=1209"},"modified":"2024-02-10T05:16:06","modified_gmt":"2024-02-10T04:16:06","slug":"services","status":"publish","type":"page","link":"https:\/\/www.ajf-formation.fr\/ajf2\/services\/","title":{"rendered":"Services"},"content":{"rendered":"\n<style type=\"text\/css\" data-created_by=\"avia_inline_auto\" id=\"style-css-av-lsfjjfdy-0536c163d539cd8011b06445d363d186\">\n#top .av-special-heading.av-lsfjjfdy-0536c163d539cd8011b06445d363d186{\npadding-bottom:10px;\n}\nbody .av-special-heading.av-lsfjjfdy-0536c163d539cd8011b06445d363d186 .av-special-heading-tag .heading-char{\nfont-size:25px;\n}\n.av-special-heading.av-lsfjjfdy-0536c163d539cd8011b06445d363d186 .av-subheading{\nfont-size:15px;\n}\n<\/style>\n<div  class='av-special-heading av-lsfjjfdy-0536c163d539cd8011b06445d363d186 av-special-heading-h2  avia-builder-el-0  el_before_av_textblock  avia-builder-el-first '><h2 class='av-special-heading-tag'  itemprop=\"headline\"  >Accompagnement adapt\u00e9 et flexibilit\u00e9<\/h2><div class=\"special-heading-border\"><div class=\"special-heading-inner-border\"><\/div><\/div><\/div>\n<section  class='av_textblock_section av-lsfji54v-f31957a861ba38d3f0295deffc986caf '   itemscope=\"itemscope\" itemtype=\"https:\/\/schema.org\/CreativeWork\" ><div class='avia_textblock'  itemprop=\"text\" ><p>Au de l\u00e0 de former, de certifier le public, l&rsquo;activit\u00e9 d&rsquo;accompagnement de ARF Formation s&rsquo;\u00e9tend \u00e0 travers des services compl\u00e9mentaires.<br \/>\nAutonomie, p\u00e9rennit\u00e9 ou efficacit\u00e9, nos offres r\u00e9pondent \u00e0 vos besoins avec des solutions \u00ab\u00a0\u00e0 la carte\u00a0\u00bb.<\/p>\n<h3>\u2022 Formation sur site, en nos locaux ou inter-entreprises<\/h3>\n<p style=\"padding-left: 30px;\">\u2714 Programmes de formations certifiantes et qualifiantes<br \/>\n\u2714 Connaissances th\u00e9oriques, r\u00e9glementaires et savoir-faire technique<br \/>\n\u2714 Pr\u00e9paration aux fonctions d&rsquo;encadrement.<br \/>\n\u2714 Qualifications initiales, reconversions, mises \u00e0 niveau&#8230;<\/p>\n<h3>\u2022 Audits, conseils et accompagnement<\/h3>\n<p style=\"padding-left: 30px;\">\u2714 Analyse des besoins<br \/>\n\u2714 \u00c9laboration de plans de formations<br \/>\n\u2714 Suivi<br \/>\n\u2714\u00c9valuations des comp\u00e9tences<br \/>\n\u2714Aide au recrutement<br \/>\n\u2714Conception de supports p\u00e9dagogiques<br \/>\n\u2714Formation des tuteurs<br \/>\n\u2714Formation de formateurs<\/p>\n<blockquote>\n<p style=\"padding-left: 30px;\">L&rsquo;exigence et la rigueur \u00e0 votre service !<\/p>\n<\/blockquote>\n<\/div><\/section>\n","protected":false},"excerpt":{"rendered":"","protected":false},"author":1,"featured_media":0,"parent":0,"menu_order":0,"comment_status":"closed","ping_status":"closed","template":"","meta":{"footnotes":""},"class_list":["post-1209","page","type-page","status-publish","hentry"],"_links":{"self":[{"href":"https:\/\/www.ajf-formation.fr\/ajf2\/wp-json\/wp\/v2\/pages\/1209","targetHints":{"allow":["GET"]}}],"collection":[{"href":"https:\/\/www.ajf-formation.fr\/ajf2\/wp-json\/wp\/v2\/pages"}],"about":[{"href":"https:\/\/www.ajf-formation.fr\/ajf2\/wp-json\/wp\/v2\/types\/page"}],"author":[{"embeddable":true,"href":"https:\/\/www.ajf-formation.fr\/ajf2\/wp-json\/wp\/v2\/users\/1"}],"replies":[{"embeddable":true,"href":"https:\/\/www.ajf-formation.fr\/ajf2\/wp-json\/wp\/v2\/comments?post=1209"}],"version-history":[{"count":0,"href":"https:\/\/www.ajf-formation.fr\/ajf2\/wp-json\/wp\/v2\/pages\/1209\/revisions"}],"wp:attachment":[{"href":"https:\/\/www.ajf-formation.fr\/ajf2\/wp-json\/wp\/v2\/media?parent=1209"}],"curies":[{"name":"wp","href":"https:\/\/api.w.org\/{rel}","templated":true}]}}