{"id":1194,"date":"2024-02-09T12:31:50","date_gmt":"2024-02-09T11:31:50","guid":{"rendered":"https:\/\/www.ajf-formation.fr\/ajf2\/?page_id=1194"},"modified":"2024-02-16T01:21:41","modified_gmt":"2024-02-16T00:21:41","slug":"contact","status":"publish","type":"page","link":"https:\/\/www.ajf-formation.fr\/ajf2\/contact\/","title":{"rendered":"Contact"},"content":{"rendered":"\n<style type=\"text\/css\" data-created_by=\"avia_inline_auto\" id=\"style-css-av-3w1ap-da835ebcabaa2071553df6d52c253dae\">\n.avia-section.av-3w1ap-da835ebcabaa2071553df6d52c253dae{\nbackground-repeat:no-repeat;\nbackground-image:url(https:\/\/www.ajf-formation.fr\/ajf2\/wp-content\/uploads\/Amiante-2-1.jpg);\nbackground-position:50% 50%;\nbackground-attachment:scroll;\nmargin-top:0;\nmargin-bottom:0;\n}\n.avia-section.av-3w1ap-da835ebcabaa2071553df6d52c253dae .av-section-color-overlay{\nopacity:0.6;\nbackground-color:#000000;\n}\n<\/style>\n<div id='av_section_1'  class='avia-section av-3w1ap-da835ebcabaa2071553df6d52c253dae main_color avia-section-default avia-no-border-styling  avia-builder-el-0  el_before_av_one_third  avia-builder-el-first  avia-bg-style-scroll av-section-color-overlay-active av-minimum-height av-minimum-height-custom av-height-custom  container_wrap sidebar_right'  data-section-bg-repeat='no-repeat' data-av_minimum_height_px='350'><div class=\"av-section-color-overlay-wrap\"><div class=\"av-section-color-overlay\"><\/div><div class='container av-section-cont-open' style='height:350px'><main  role=\"main\" itemprop=\"mainContentOfPage\"  class='template-page content  av-content-small alpha units'><div class='post-entry post-entry-type-page post-entry-1194'><div class='entry-content-wrapper clearfix'>\n\n<style type=\"text\/css\" data-created_by=\"avia_inline_auto\" id=\"style-css-av-lh1021eh-cc7d98c152ef9666d2a67fefd77d5a8c\">\n#top .av-special-heading.av-lh1021eh-cc7d98c152ef9666d2a67fefd77d5a8c{\npadding-bottom:10px;\ncolor:#fff087;\n}\nbody .av-special-heading.av-lh1021eh-cc7d98c152ef9666d2a67fefd77d5a8c .av-special-heading-tag .heading-char{\nfont-size:25px;\n}\n#top #wrap_all .av-special-heading.av-lh1021eh-cc7d98c152ef9666d2a67fefd77d5a8c .av-special-heading-tag{\npadding:2rem 0 0 0;\n}\n.av-special-heading.av-lh1021eh-cc7d98c152ef9666d2a67fefd77d5a8c .special-heading-inner-border{\nborder-color:rgba(0,0,0,0.01);\n}\n.av-special-heading.av-lh1021eh-cc7d98c152ef9666d2a67fefd77d5a8c .av-subheading{\nfont-size:15px;\ncolor:#ffffff;\n}\nbody .av-special-heading.av-lh1021eh-cc7d98c152ef9666d2a67fefd77d5a8c .av-special-heading-tag .heading-wrap:before{\nborder-color:rgba(0,0,0,0.01);\n}\nbody .av-special-heading.av-lh1021eh-cc7d98c152ef9666d2a67fefd77d5a8c .av-special-heading-tag .heading-wrap:after{\nborder-color:rgba(0,0,0,0.01);\n}\n<\/style>\n<div  class='av-special-heading av-lh1021eh-cc7d98c152ef9666d2a67fefd77d5a8c av-special-heading-h1 custom-color-heading blockquote elegant-quote elegant-centered  avia-builder-el-1  avia-builder-el-no-sibling '><h1 class='av-special-heading-tag'  itemprop=\"headline\"  ><span class=\"heading-wrap\">Nous contacter<\/span><\/h1><div class=\"special-heading-border\"><div class=\"special-heading-inner-border\"><\/div><\/div><\/div>\n<\/div><\/div><\/main><!-- close content main element --><\/div><\/div><\/div><div id='after_section_1'  class='main_color av_default_container_wrap container_wrap sidebar_right'  ><div class='container av-section-cont-open' ><div class='template-page content  av-content-small alpha units'><div class='post-entry post-entry-type-page post-entry-1194'><div class='entry-content-wrapper clearfix'>\n<div class='flex_column_table av-lsnvbnti-ec2319f2a076e729f68bf2d685b781c6 sc-av_one_third av-equal-height-column-flextable'>\n<style type=\"text\/css\" data-created_by=\"avia_inline_auto\" id=\"style-css-av-lsnvbnti-ec2319f2a076e729f68bf2d685b781c6\">\n#top .flex_column_table.av-equal-height-column-flextable.av-lsnvbnti-ec2319f2a076e729f68bf2d685b781c6{\nmargin-top:0px;\nmargin-bottom:0px;\n}\n.flex_column.av-lsnvbnti-ec2319f2a076e729f68bf2d685b781c6{\nwidth:32%;\nmargin-left:0;\n}\n#top .flex_column_table.av-equal-height-column-flextable.av-lsnvbnti-ec2319f2a076e729f68bf2d685b781c6 .av-flex-placeholder{\nwidth:2%;\n}\n\n@media only screen and (min-width: 990px){ \n.flex_column.av-lsnvbnti-ec2319f2a076e729f68bf2d685b781c6{\npadding:0 0 0 25px;\n}\n}\n\n@media only screen and (max-width: 479px){ \n.flex_column.av-lsnvbnti-ec2319f2a076e729f68bf2d685b781c6{\npadding:0 0 0 20px;\n}\n}\n<\/style>\n<div  class='flex_column av-lsnvbnti-ec2319f2a076e729f68bf2d685b781c6 av_one_third  avia-builder-el-2  el_after_av_section  el_before_av_two_third  avia-builder-el-first  first flex_column_table_cell av-equal-height-column av-align-top  '     ><p>\n<style type=\"text\/css\" data-created_by=\"avia_inline_auto\" id=\"style-css-av-2wu39-69744d084e417fc1d98c8b199434c4d3\">\n#top .hr.av-2wu39-69744d084e417fc1d98c8b199434c4d3{\nmargin-top:30px;\nmargin-bottom:30px;\n}\n.hr.av-2wu39-69744d084e417fc1d98c8b199434c4d3 .hr-inner{\nwidth:50px;\n}\n<\/style>\n<div  class='hr av-2wu39-69744d084e417fc1d98c8b199434c4d3 hr-custom  avia-builder-el-3  el_before_av_hr  avia-builder-el-first  hr-center hr-icon-no'><span class='hr-inner inner-border-av-border-none'><span class=\"hr-inner-style\"><\/span><\/span><\/div><br \/>\n\n<style type=\"text\/css\" data-created_by=\"avia_inline_auto\" id=\"style-css-av-av_hr-4e7828682e48123823af5f0af4357918\">\n#top .hr.av-av_hr-4e7828682e48123823af5f0af4357918{\nmargin-top:30px;\nmargin-bottom:30px;\n}\n.hr.av-av_hr-4e7828682e48123823af5f0af4357918 .hr-inner{\nwidth:50px;\n}\n<\/style>\n<div  class='hr av-av_hr-4e7828682e48123823af5f0af4357918 hr-custom  avia-builder-el-4  el_after_av_hr  el_before_av_heading  hr-center hr-icon-no'><span class='hr-inner inner-border-av-border-none'><span class=\"hr-inner-style\"><\/span><\/span><\/div><br \/>\n\n<style type=\"text\/css\" data-created_by=\"avia_inline_auto\" id=\"style-css-av-lrpquvbh-b9dc42e112e52e99a7305816cbe20f68\">\n#top .av-special-heading.av-lrpquvbh-b9dc42e112e52e99a7305816cbe20f68{\nmargin:0 0 0 0;\npadding-bottom:0;\n}\nbody .av-special-heading.av-lrpquvbh-b9dc42e112e52e99a7305816cbe20f68 .av-special-heading-tag .heading-char{\nfont-size:25px;\n}\n.av-special-heading.av-lrpquvbh-b9dc42e112e52e99a7305816cbe20f68 .av-subheading{\nfont-size:15px;\n}\n\n@media only screen and (max-width: 479px){ \n#top .av-special-heading.av-lrpquvbh-b9dc42e112e52e99a7305816cbe20f68{\nmargin:5px 0 5px 0;\n}\n}\n<\/style>\n<div  class='av-special-heading av-lrpquvbh-b9dc42e112e52e99a7305816cbe20f68 av-special-heading-h2 blockquote modern-quote  avia-builder-el-5  el_after_av_hr  el_before_av_iconlist '><h2 class='av-special-heading-tag'  itemprop=\"headline\"  >Direction g\u00e9n\u00e9rale<\/h2><div class='av-subheading av-subheading_below'><p>Annick Deconinck<\/p>\n<\/div><div class=\"special-heading-border\"><div class=\"special-heading-inner-border\"><\/div><\/div><\/div><br \/>\n\n<style type=\"text\/css\" data-created_by=\"avia_inline_auto\" id=\"style-css-av-lsnvuk7a-b1e8a19758e55d541b1910d8d6811b96\">\n#top #wrap_all .avia-icon-list-container.av-lsnvuk7a-b1e8a19758e55d541b1910d8d6811b96 .av_iconlist_title{\ncolor:#555555;\n}\n.avia-icon-list-container.av-lsnvuk7a-b1e8a19758e55d541b1910d8d6811b96 .iconlist_content{\ncolor:#222222;\n}\n\n@media only screen and (min-width: 990px){ \n#top #wrap_all .avia-icon-list-container.av-lsnvuk7a-b1e8a19758e55d541b1910d8d6811b96 .av_iconlist_title{\nfont-size:1.5rem;\n}\n.avia-icon-list-container.av-lsnvuk7a-b1e8a19758e55d541b1910d8d6811b96 .iconlist_content{\nfont-size:1.5rem;\n}\n}\n\n@media only screen and (max-width: 479px){ \n#top #wrap_all .avia-icon-list-container.av-lsnvuk7a-b1e8a19758e55d541b1910d8d6811b96 .av_iconlist_title{\nfont-size:1.15rem;\n}\n.avia-icon-list-container.av-lsnvuk7a-b1e8a19758e55d541b1910d8d6811b96 .iconlist_content{\nfont-size:1.15rem;\n}\n}\n<\/style>\n<div  class='avia-icon-list-container av-lsnvuk7a-b1e8a19758e55d541b1910d8d6811b96  avia-builder-el-6  el_after_av_heading  avia-builder-el-last '><ul class='avia-icon-list avia_animate_when_almost_visible avia-icon-list-left av-iconlist-small av-lsnvuk7a-b1e8a19758e55d541b1910d8d6811b96 avia-iconlist-animate'>\n<li><div class='iconlist_icon av-av_iconlist_item-82647678bfefe64974eb056dc29965a7 avia-font-entypo-fontello'><span class='iconlist-char' aria-hidden='true' data-av_icon='\ue8ac' data-av_iconfont='entypo-fontello'><\/span><\/div><article class=\"article-icon-entry \"  itemscope=\"itemscope\" itemtype=\"https:\/\/schema.org\/CreativeWork\" ><div class=\"iconlist_content_wrap\"><header class=\"entry-content-header\"><\/header><div class='iconlist_content av_inherit_color'  itemprop=\"text\" ><p><a href=\"tel:+33674333600\">06 74 333 600<\/a><\/p>\n<\/div><\/div><footer class=\"entry-footer\"><\/footer><\/article><div class=\"iconlist-timeline\"><\/div><\/li>\n<li><div class='iconlist_icon av-av_iconlist_item-4a3fc4eb4e908c23a8f536c50fb482df avia-font-entypo-fontello'><span class='iconlist-char' aria-hidden='true' data-av_icon='\ue854' data-av_iconfont='entypo-fontello'><\/span><\/div><article class=\"article-icon-entry \"  itemscope=\"itemscope\" itemtype=\"https:\/\/schema.org\/CreativeWork\" ><div class=\"iconlist_content_wrap\"><header class=\"entry-content-header\"><div class='av_iconlist_title iconlist_title_small  av_inherit_color'  itemprop=\"headline\" >Bureaux<\/div><\/header><div class='iconlist_content av_inherit_color'  itemprop=\"text\" ><p><a href=\"tel:+33966910418\">09 66 91 04 18<\/a><\/p>\n<\/div><\/div><footer class=\"entry-footer\"><\/footer><\/article><div class=\"iconlist-timeline\"><\/div><\/li>\n<\/ul><\/div><\/p><\/div><div class='av-flex-placeholder'><\/div>\n<style type=\"text\/css\" data-created_by=\"avia_inline_auto\" id=\"style-css-av-lsnvnnx0-2c4fa7f32b8e9ba0df7ecb228491dd48\">\n#top .flex_column_table.av-equal-height-column-flextable.av-lsnvnnx0-2c4fa7f32b8e9ba0df7ecb228491dd48{\nmargin-top:0px;\nmargin-bottom:0px;\n}\n.flex_column.av-lsnvnnx0-2c4fa7f32b8e9ba0df7ecb228491dd48{\nwidth:66%;\nmargin-left:0;\n}\n#top .flex_column_table.av-equal-height-column-flextable.av-lsnvnnx0-2c4fa7f32b8e9ba0df7ecb228491dd48 .av-flex-placeholder{\nwidth:2%;\n}\n\n@media only screen and (min-width: 990px){ \n.flex_column.av-lsnvnnx0-2c4fa7f32b8e9ba0df7ecb228491dd48{\npadding:25px 50px 0 0;\n}\n}\n<\/style>\n<div  class='flex_column av-lsnvnnx0-2c4fa7f32b8e9ba0df7ecb228491dd48 av_two_third  avia-builder-el-7  el_after_av_one_third  avia-builder-el-last  flex_column_table_cell av-equal-height-column av-align-top  '     ><p><form action=\"https:\/\/www.ajf-formation.fr\/ajf2\/contact\/\" method=\"post\" data-fields-with-error=\"Erreurs trouv\u00e9es dans les champs suivants :\" class=\"avia_ajax_form av-form-labels-visible   avia-builder-el-8  el_before_av_codeblock  avia-builder-el-first  form-labels av-centered-form  av-show-form-errors   \" data-avia-form-id=\"1\" data-avia-redirect=''  aria-label='Fomulaire de contact' ><h2 class=''>Une question ? C\u2019est ici !<\/h2><fieldset><p class='  first_form  form_element form_element_half' id='element_avia_1_1'><label for=\"avia_1_1\">Pr\u00e9nom <abbr class=\"required\" title=\"requis(e)\">*<\/abbr><\/label> <input name=\"avia_1_1\" class=\"text_input is_empty\" type=\"text\" id=\"avia_1_1\" value=\"\" \/><\/p><p class='  form_element form_element_half' id='element_avia_2_1'><label for=\"avia_2_1\">Nom <abbr class=\"required\" title=\"requis(e)\">*<\/abbr><\/label> <input name=\"avia_2_1\" class=\"text_input is_empty\" type=\"text\" id=\"avia_2_1\" value=\"\" \/><\/p><p class='  first_form  form_element form_element_third' id='element_avia_3_1'><label for=\"avia_3_1\">Nom de votre structure\/soci\u00e9t\u00e9 <abbr class=\"required\" title=\"requis(e)\">*<\/abbr><\/label> <input name=\"avia_3_1\" class=\"text_input is_empty\" type=\"text\" id=\"avia_3_1\" value=\"\" \/><\/p><p class='  form_element form_element_third' id='element_avia_4_1'><label for=\"avia_4_1\">e-mail <abbr class=\"required\" title=\"requis(e)\">*<\/abbr><\/label> <input name=\"avia_4_1\" class=\"text_input is_email\" type=\"text\" id=\"avia_4_1\" value=\"\" \/><\/p><p class='  form_element form_element_third' id='element_avia_5_1'><label for=\"avia_5_1\">T\u00e9l. <abbr class=\"required\" title=\"requis(e)\">*<\/abbr><\/label> <input name=\"avia_5_1\" class=\"text_input is_phone\" type=\"text\" id=\"avia_5_1\" value=\"\" \/><\/p><p class='  first_form  form_element form_fullwidth' id='element_avia_6_1'><label for=\"avia_6_1\">Sujet <abbr class=\"required\" title=\"requis(e)\">*<\/abbr><\/label> <input name=\"avia_6_1\" class=\"text_input is_empty\" type=\"text\" id=\"avia_6_1\" value=\"\" \/><\/p><p class='  first_form  form_element form_fullwidth' id='element_avia_7_1'><label for=\"avia_7_1\" class=\"textare_label hidden textare_label_avia_7_1\">Message <abbr class=\"required\" title=\"requis(e)\">*<\/abbr><\/label><textarea  name=\"avia_7_1\" class=\"text_area is_empty\" cols=\"40\" rows=\"7\" id=\"avia_7_1\" ><\/textarea><\/p><p class=\"hidden\"><input type=\"text\" name=\"avia_8_1\" class=\"hidden \" id=\"avia_8_1\" value=\"\" \/><\/p><p class='   form_element form_fullwidth av-last-visible-form-element' id='element_avia_9_1'><span class='value_verifier_label'>6 + 1 = ?<\/span><input name=\"avia_9_1_verifier\" type=\"hidden\" id=\"avia_9_1_verifier\" value=\"174454781\"\/><label for=\"avia_9_1\">Merci de prouver que vous \u00eates un humain en donnant le r\u00e9sultat de cette op\u00e9ration <abbr class=\"required\" title=\"requis(e)\">*<\/abbr><\/label><input name=\"avia_9_1\" class=\"text_input captcha\" type=\"text\" id=\"avia_9_1\" value=\"\"\/><\/p><p class=' av_form_privacy_check av_contact_privacy_check first_form  form_element form_fullwidth' id='element_avia_10_1'><input  name=\"avia_10_1\" class=\"input_checkbox is_empty\" type=\"checkbox\" id=\"avia_10_1\" value=\"true\"\/><label class=\"input_checkbox_label\" for=\"avia_10_1\">J\u2019accepte les conditions g\u00e9n\u00e9rales expos\u00e9es dans les <a href='https:\/\/www.ajf-formation.fr\/ajf2\/politique-de-confidentialite\/' target='_blank'>mentions l\u00e9gales<\/a> <abbr class=\"required\" title=\"requis(e)\">*<\/abbr><\/label><\/p><p class=\"form_element \"><input type=\"hidden\" value=\"1\" name=\"avia_generated_form1\" \/><input type=\"submit\" value=\"Envoyer\" class=\"button\"  data-sending-label=\"Envoi\"\/><\/p><\/fieldset><\/form><div id=\"ajaxresponse_1\" class=\"ajaxresponse ajaxresponse_1 hidden\"><\/div><br \/>\n<\/p><\/div><\/div><!--close column table wrapper. Autoclose: 1 --><\/p>\n","protected":false},"excerpt":{"rendered":"","protected":false},"author":1,"featured_media":0,"parent":0,"menu_order":0,"comment_status":"closed","ping_status":"closed","template":"","meta":{"footnotes":""},"class_list":["post-1194","page","type-page","status-publish","hentry"],"_links":{"self":[{"href":"https:\/\/www.ajf-formation.fr\/ajf2\/wp-json\/wp\/v2\/pages\/1194","targetHints":{"allow":["GET"]}}],"collection":[{"href":"https:\/\/www.ajf-formation.fr\/ajf2\/wp-json\/wp\/v2\/pages"}],"about":[{"href":"https:\/\/www.ajf-formation.fr\/ajf2\/wp-json\/wp\/v2\/types\/page"}],"author":[{"embeddable":true,"href":"https:\/\/www.ajf-formation.fr\/ajf2\/wp-json\/wp\/v2\/users\/1"}],"replies":[{"embeddable":true,"href":"https:\/\/www.ajf-formation.fr\/ajf2\/wp-json\/wp\/v2\/comments?post=1194"}],"version-history":[{"count":15,"href":"https:\/\/www.ajf-formation.fr\/ajf2\/wp-json\/wp\/v2\/pages\/1194\/revisions"}],"predecessor-version":[{"id":2529,"href":"https:\/\/www.ajf-formation.fr\/ajf2\/wp-json\/wp\/v2\/pages\/1194\/revisions\/2529"}],"wp:attachment":[{"href":"https:\/\/www.ajf-formation.fr\/ajf2\/wp-json\/wp\/v2\/media?parent=1194"}],"curies":[{"name":"wp","href":"https:\/\/api.w.org\/{rel}","templated":true}]}}